{"id":871,"date":"2016-02-16T10:51:42","date_gmt":"2016-02-16T09:51:42","guid":{"rendered":"https:\/\/www.hotelalbicocco.it\/wp\/fr\/posizione-perfetta-facile-raggiungere.html"},"modified":"2020-02-20T09:58:07","modified_gmt":"2020-02-20T08:58:07","slug":"ou-sommes-nous","status":"publish","type":"page","link":"https:\/\/www.hotelalbicocco.it\/fr\/ou-sommes-nous.html","title":{"rendered":"O\u00f9 sommes-nous"},"content":{"rendered":"","protected":false},"excerpt":{"rendered":"","protected":false},"author":32,"featured_media":560,"parent":0,"menu_order":59,"comment_status":"closed","ping_status":"closed","template":"","meta":{"_acf_changed":false,"footnotes":""},"class_list":["post-871","page","type-page","status-publish","has-post-thumbnail","hentry"],"acf":[],"yoast_head":"<!-- This site is optimized with the Yoast SEO plugin v27.0 - https:\/\/yoast.com\/product\/yoast-seo-wordpress\/ -->\n<title>H\u00f4tel pr\u00e8s de la mer et le centre de Riccione | H\u00f4tel Albicocco<\/title>\n<meta name=\"description\" content=\"Le Albicocco H\u00f4tel est situ\u00e9 dans le nord de Riccione, \u00e0 seulement 150 m\u00e8tres de la mer.\" \/>\n<meta name=\"robots\" content=\"index, follow, max-snippet:-1, max-image-preview:large, max-video-preview:-1\" \/>\n<link rel=\"canonical\" href=\"https:\/\/www.hotelalbicocco.it\/posizione-perfetta-facile-raggiungere.html\" \/>\n<meta property=\"og:locale\" content=\"fr_FR\" \/>\n<meta property=\"og:type\" content=\"article\" \/>\n<meta property=\"og:title\" content=\"H\u00f4tel pr\u00e8s de la mer et le centre de Riccione | H\u00f4tel Albicocco\" \/>\n<meta property=\"og:description\" content=\"Le Albicocco H\u00f4tel est situ\u00e9 dans le nord de Riccione, \u00e0 seulement 150 m\u00e8tres de la mer.\" \/>\n<meta property=\"og:url\" content=\"https:\/\/www.hotelalbicocco.it\/posizione-perfetta-facile-raggiungere.html\" \/>\n<meta property=\"og:site_name\" content=\"hotel Albicocco\" \/>\n<meta property=\"article:modified_time\" content=\"2020-02-20T08:58:07+00:00\" \/>\n<meta property=\"og:image\" content=\"https:\/\/www.hotelalbicocco.it\/wp\/wp-content\/uploads\/2016\/02\/dovesiamo.jpg\" \/>\n\t<meta property=\"og:image:width\" content=\"1280\" \/>\n\t<meta property=\"og:image:height\" content=\"642\" \/>\n\t<meta property=\"og:image:type\" content=\"image\/jpeg\" \/>\n<meta name=\"twitter:card\" content=\"summary_large_image\" \/>\n<script type=\"application\/ld+json\" class=\"yoast-schema-graph\">{\"@context\":\"https:\/\/schema.org\",\"@graph\":[{\"@type\":\"WebPage\",\"@id\":\"https:\/\/www.hotelalbicocco.it\/posizione-perfetta-facile-raggiungere.html\",\"url\":\"https:\/\/www.hotelalbicocco.it\/posizione-perfetta-facile-raggiungere.html\",\"name\":\"H\u00f4tel pr\u00e8s de la mer et le centre de Riccione | H\u00f4tel Albicocco\",\"isPartOf\":{\"@id\":\"https:\/\/www.hotelalbicocco.it\/#website\"},\"primaryImageOfPage\":{\"@id\":\"https:\/\/www.hotelalbicocco.it\/posizione-perfetta-facile-raggiungere.html#primaryimage\"},\"image\":{\"@id\":\"https:\/\/www.hotelalbicocco.it\/posizione-perfetta-facile-raggiungere.html#primaryimage\"},\"thumbnailUrl\":\"https:\/\/www.hotelalbicocco.it\/wp\/wp-content\/uploads\/2016\/02\/dovesiamo.jpg\",\"datePublished\":\"2016-02-16T09:51:42+00:00\",\"dateModified\":\"2020-02-20T08:58:07+00:00\",\"description\":\"Le Albicocco H\u00f4tel est situ\u00e9 dans le nord de Riccione, \u00e0 seulement 150 m\u00e8tres de la mer.\",\"breadcrumb\":{\"@id\":\"https:\/\/www.hotelalbicocco.it\/posizione-perfetta-facile-raggiungere.html#breadcrumb\"},\"inLanguage\":\"fr-FR\",\"potentialAction\":[{\"@type\":\"ReadAction\",\"target\":[\"https:\/\/www.hotelalbicocco.it\/posizione-perfetta-facile-raggiungere.html\"]}]},{\"@type\":\"ImageObject\",\"inLanguage\":\"fr-FR\",\"@id\":\"https:\/\/www.hotelalbicocco.it\/posizione-perfetta-facile-raggiungere.html#primaryimage\",\"url\":\"https:\/\/www.hotelalbicocco.it\/wp\/wp-content\/uploads\/2016\/02\/dovesiamo.jpg\",\"contentUrl\":\"https:\/\/www.hotelalbicocco.it\/wp\/wp-content\/uploads\/2016\/02\/dovesiamo.jpg\",\"width\":1280,\"height\":642,\"caption\":\"hotel Albicocco 0155\"},{\"@type\":\"BreadcrumbList\",\"@id\":\"https:\/\/www.hotelalbicocco.it\/posizione-perfetta-facile-raggiungere.html#breadcrumb\",\"itemListElement\":[{\"@type\":\"ListItem\",\"position\":1,\"name\":\"Home\",\"item\":\"https:\/\/www.hotelalbicocco.it\/fr\"},{\"@type\":\"ListItem\",\"position\":2,\"name\":\"O\u00f9 sommes-nous\"}]},{\"@type\":\"WebSite\",\"@id\":\"https:\/\/www.hotelalbicocco.it\/#website\",\"url\":\"https:\/\/www.hotelalbicocco.it\/\",\"name\":\"hotel Albicocco\",\"description\":\"\",\"potentialAction\":[{\"@type\":\"SearchAction\",\"target\":{\"@type\":\"EntryPoint\",\"urlTemplate\":\"https:\/\/www.hotelalbicocco.it\/?s={search_term_string}\"},\"query-input\":{\"@type\":\"PropertyValueSpecification\",\"valueRequired\":true,\"valueName\":\"search_term_string\"}}],\"inLanguage\":\"fr-FR\"}]}<\/script>\n<!-- \/ Yoast SEO plugin. -->","yoast_head_json":{"title":"H\u00f4tel pr\u00e8s de la mer et le centre de Riccione | H\u00f4tel Albicocco","description":"Le Albicocco H\u00f4tel est situ\u00e9 dans le nord de Riccione, \u00e0 seulement 150 m\u00e8tres de la mer.","robots":{"index":"index","follow":"follow","max-snippet":"max-snippet:-1","max-image-preview":"max-image-preview:large","max-video-preview":"max-video-preview:-1"},"canonical":"https:\/\/www.hotelalbicocco.it\/posizione-perfetta-facile-raggiungere.html","og_locale":"fr_FR","og_type":"article","og_title":"H\u00f4tel pr\u00e8s de la mer et le centre de Riccione | H\u00f4tel Albicocco","og_description":"Le Albicocco H\u00f4tel est situ\u00e9 dans le nord de Riccione, \u00e0 seulement 150 m\u00e8tres de la mer.","og_url":"https:\/\/www.hotelalbicocco.it\/posizione-perfetta-facile-raggiungere.html","og_site_name":"hotel Albicocco","article_modified_time":"2020-02-20T08:58:07+00:00","og_image":[{"width":1280,"height":642,"url":"https:\/\/www.hotelalbicocco.it\/wp\/wp-content\/uploads\/2016\/02\/dovesiamo.jpg","type":"image\/jpeg"}],"twitter_card":"summary_large_image","schema":{"@context":"https:\/\/schema.org","@graph":[{"@type":"WebPage","@id":"https:\/\/www.hotelalbicocco.it\/posizione-perfetta-facile-raggiungere.html","url":"https:\/\/www.hotelalbicocco.it\/posizione-perfetta-facile-raggiungere.html","name":"H\u00f4tel pr\u00e8s de la mer et le centre de Riccione | H\u00f4tel Albicocco","isPartOf":{"@id":"https:\/\/www.hotelalbicocco.it\/#website"},"primaryImageOfPage":{"@id":"https:\/\/www.hotelalbicocco.it\/posizione-perfetta-facile-raggiungere.html#primaryimage"},"image":{"@id":"https:\/\/www.hotelalbicocco.it\/posizione-perfetta-facile-raggiungere.html#primaryimage"},"thumbnailUrl":"https:\/\/www.hotelalbicocco.it\/wp\/wp-content\/uploads\/2016\/02\/dovesiamo.jpg","datePublished":"2016-02-16T09:51:42+00:00","dateModified":"2020-02-20T08:58:07+00:00","description":"Le Albicocco H\u00f4tel est situ\u00e9 dans le nord de Riccione, \u00e0 seulement 150 m\u00e8tres de la mer.","breadcrumb":{"@id":"https:\/\/www.hotelalbicocco.it\/posizione-perfetta-facile-raggiungere.html#breadcrumb"},"inLanguage":"fr-FR","potentialAction":[{"@type":"ReadAction","target":["https:\/\/www.hotelalbicocco.it\/posizione-perfetta-facile-raggiungere.html"]}]},{"@type":"ImageObject","inLanguage":"fr-FR","@id":"https:\/\/www.hotelalbicocco.it\/posizione-perfetta-facile-raggiungere.html#primaryimage","url":"https:\/\/www.hotelalbicocco.it\/wp\/wp-content\/uploads\/2016\/02\/dovesiamo.jpg","contentUrl":"https:\/\/www.hotelalbicocco.it\/wp\/wp-content\/uploads\/2016\/02\/dovesiamo.jpg","width":1280,"height":642,"caption":"hotel Albicocco 0155"},{"@type":"BreadcrumbList","@id":"https:\/\/www.hotelalbicocco.it\/posizione-perfetta-facile-raggiungere.html#breadcrumb","itemListElement":[{"@type":"ListItem","position":1,"name":"Home","item":"https:\/\/www.hotelalbicocco.it\/fr"},{"@type":"ListItem","position":2,"name":"O\u00f9 sommes-nous"}]},{"@type":"WebSite","@id":"https:\/\/www.hotelalbicocco.it\/#website","url":"https:\/\/www.hotelalbicocco.it\/","name":"hotel Albicocco","description":"","potentialAction":[{"@type":"SearchAction","target":{"@type":"EntryPoint","urlTemplate":"https:\/\/www.hotelalbicocco.it\/?s={search_term_string}"},"query-input":{"@type":"PropertyValueSpecification","valueRequired":true,"valueName":"search_term_string"}}],"inLanguage":"fr-FR"}]}},"publishpress_future_action":{"enabled":false,"date":"2026-05-01 21:47:47","action":"change-status","newStatus":"draft","terms":[],"taxonomy":"translation_priority","extraData":[]},"publishpress_future_workflow_manual_trigger":{"enabledWorkflows":[]},"_links":{"self":[{"href":"https:\/\/www.hotelalbicocco.it\/fr\/wp-json\/wp\/v2\/pages\/871","targetHints":{"allow":["GET"]}}],"collection":[{"href":"https:\/\/www.hotelalbicocco.it\/fr\/wp-json\/wp\/v2\/pages"}],"about":[{"href":"https:\/\/www.hotelalbicocco.it\/fr\/wp-json\/wp\/v2\/types\/page"}],"author":[{"embeddable":true,"href":"https:\/\/www.hotelalbicocco.it\/fr\/wp-json\/wp\/v2\/users\/32"}],"replies":[{"embeddable":true,"href":"https:\/\/www.hotelalbicocco.it\/fr\/wp-json\/wp\/v2\/comments?post=871"}],"version-history":[{"count":5,"href":"https:\/\/www.hotelalbicocco.it\/fr\/wp-json\/wp\/v2\/pages\/871\/revisions"}],"predecessor-version":[{"id":8622,"href":"https:\/\/www.hotelalbicocco.it\/fr\/wp-json\/wp\/v2\/pages\/871\/revisions\/8622"}],"wp:featuredmedia":[{"embeddable":true,"href":"https:\/\/www.hotelalbicocco.it\/fr\/wp-json\/wp\/v2\/media\/560"}],"wp:attachment":[{"href":"https:\/\/www.hotelalbicocco.it\/fr\/wp-json\/wp\/v2\/media?parent=871"}],"curies":[{"name":"wp","href":"https:\/\/api.w.org\/{rel}","templated":true}]}}