{"id":865,"date":"2016-02-16T10:17:07","date_gmt":"2016-02-16T09:17:07","guid":{"rendered":"https:\/\/www.hotelalbicocco.it\/wp\/fr\/camere.html"},"modified":"2023-01-02T08:00:45","modified_gmt":"2023-01-02T07:00:45","slug":"chambres","status":"publish","type":"page","link":"https:\/\/www.hotelalbicocco.it\/fr\/chambres.html","title":{"rendered":"Chambres, oasis de paix pour votre relax"},"content":{"rendered":"","protected":false},"excerpt":{"rendered":"","protected":false},"author":32,"featured_media":507,"parent":0,"menu_order":85,"comment_status":"open","ping_status":"open","template":"","meta":{"_acf_changed":false,"footnotes":""},"class_list":["post-865","page","type-page","status-publish","has-post-thumbnail","hentry"],"acf":[],"yoast_head":"<!-- This site is optimized with the Yoast SEO plugin v27.0 - https:\/\/yoast.com\/product\/yoast-seo-wordpress\/ -->\n<title>Chambres H\u00f4tel Riccione | Albicocco H\u00f4tel Riccione<\/title>\n<meta name=\"description\" content=\"Les chambres Albicocco Hotel, proposent diff\u00e9rentes solutions pour mieux profiter de vos vacances.\" \/>\n<meta name=\"robots\" content=\"index, follow, max-snippet:-1, max-image-preview:large, max-video-preview:-1\" \/>\n<link rel=\"canonical\" href=\"https:\/\/www.hotelalbicocco.it\/fr\/chambres.html\" \/>\n<meta property=\"og:locale\" content=\"fr_FR\" \/>\n<meta property=\"og:type\" content=\"article\" \/>\n<meta property=\"og:title\" content=\"Chambres H\u00f4tel Riccione | Albicocco H\u00f4tel Riccione\" \/>\n<meta property=\"og:description\" content=\"Les chambres Albicocco Hotel, proposent diff\u00e9rentes solutions pour mieux profiter de vos vacances.\" \/>\n<meta property=\"og:url\" content=\"https:\/\/www.hotelalbicocco.it\/fr\/chambres.html\" \/>\n<meta property=\"og:site_name\" content=\"hotel Albicocco\" \/>\n<meta property=\"article:modified_time\" content=\"2023-01-02T07:00:45+00:00\" \/>\n<meta property=\"og:image\" content=\"https:\/\/www.hotelalbicocco.it\/wp\/wp-content\/uploads\/2016\/02\/header_camere2.jpg\" \/>\n\t<meta property=\"og:image:width\" content=\"1280\" \/>\n\t<meta property=\"og:image:height\" content=\"642\" \/>\n\t<meta property=\"og:image:type\" content=\"image\/jpeg\" \/>\n<meta name=\"twitter:card\" content=\"summary_large_image\" \/>\n<script type=\"application\/ld+json\" class=\"yoast-schema-graph\">{\"@context\":\"https:\/\/schema.org\",\"@graph\":[{\"@type\":\"WebPage\",\"@id\":\"https:\/\/www.hotelalbicocco.it\/fr\/chambres.html\",\"url\":\"https:\/\/www.hotelalbicocco.it\/fr\/chambres.html\",\"name\":\"Chambres H\u00f4tel Riccione | Albicocco H\u00f4tel Riccione\",\"isPartOf\":{\"@id\":\"https:\/\/www.hotelalbicocco.it\/#website\"},\"primaryImageOfPage\":{\"@id\":\"https:\/\/www.hotelalbicocco.it\/fr\/chambres.html#primaryimage\"},\"image\":{\"@id\":\"https:\/\/www.hotelalbicocco.it\/fr\/chambres.html#primaryimage\"},\"thumbnailUrl\":\"https:\/\/www.hotelalbicocco.it\/wp\/wp-content\/uploads\/2016\/02\/header_camere2.jpg\",\"datePublished\":\"2016-02-16T09:17:07+00:00\",\"dateModified\":\"2023-01-02T07:00:45+00:00\",\"description\":\"Les chambres Albicocco Hotel, proposent diff\u00e9rentes solutions pour mieux profiter de vos vacances.\",\"breadcrumb\":{\"@id\":\"https:\/\/www.hotelalbicocco.it\/fr\/chambres.html#breadcrumb\"},\"inLanguage\":\"fr-FR\",\"potentialAction\":[{\"@type\":\"ReadAction\",\"target\":[\"https:\/\/www.hotelalbicocco.it\/fr\/chambres.html\"]}]},{\"@type\":\"ImageObject\",\"inLanguage\":\"fr-FR\",\"@id\":\"https:\/\/www.hotelalbicocco.it\/fr\/chambres.html#primaryimage\",\"url\":\"https:\/\/www.hotelalbicocco.it\/wp\/wp-content\/uploads\/2016\/02\/header_camere2.jpg\",\"contentUrl\":\"https:\/\/www.hotelalbicocco.it\/wp\/wp-content\/uploads\/2016\/02\/header_camere2.jpg\",\"width\":1280,\"height\":642,\"caption\":\"hotel Albicocco 0155\"},{\"@type\":\"BreadcrumbList\",\"@id\":\"https:\/\/www.hotelalbicocco.it\/fr\/chambres.html#breadcrumb\",\"itemListElement\":[{\"@type\":\"ListItem\",\"position\":1,\"name\":\"Home\",\"item\":\"https:\/\/www.hotelalbicocco.it\/fr\"},{\"@type\":\"ListItem\",\"position\":2,\"name\":\"Chambres, oasis de paix pour votre relax\"}]},{\"@type\":\"WebSite\",\"@id\":\"https:\/\/www.hotelalbicocco.it\/#website\",\"url\":\"https:\/\/www.hotelalbicocco.it\/\",\"name\":\"hotel Albicocco\",\"description\":\"\",\"potentialAction\":[{\"@type\":\"SearchAction\",\"target\":{\"@type\":\"EntryPoint\",\"urlTemplate\":\"https:\/\/www.hotelalbicocco.it\/?s={search_term_string}\"},\"query-input\":{\"@type\":\"PropertyValueSpecification\",\"valueRequired\":true,\"valueName\":\"search_term_string\"}}],\"inLanguage\":\"fr-FR\"}]}<\/script>\n<!-- \/ Yoast SEO plugin. -->","yoast_head_json":{"title":"Chambres H\u00f4tel Riccione | Albicocco H\u00f4tel Riccione","description":"Les chambres Albicocco Hotel, proposent diff\u00e9rentes solutions pour mieux profiter de vos vacances.","robots":{"index":"index","follow":"follow","max-snippet":"max-snippet:-1","max-image-preview":"max-image-preview:large","max-video-preview":"max-video-preview:-1"},"canonical":"https:\/\/www.hotelalbicocco.it\/fr\/chambres.html","og_locale":"fr_FR","og_type":"article","og_title":"Chambres H\u00f4tel Riccione | Albicocco H\u00f4tel Riccione","og_description":"Les chambres Albicocco Hotel, proposent diff\u00e9rentes solutions pour mieux profiter de vos vacances.","og_url":"https:\/\/www.hotelalbicocco.it\/fr\/chambres.html","og_site_name":"hotel Albicocco","article_modified_time":"2023-01-02T07:00:45+00:00","og_image":[{"width":1280,"height":642,"url":"https:\/\/www.hotelalbicocco.it\/wp\/wp-content\/uploads\/2016\/02\/header_camere2.jpg","type":"image\/jpeg"}],"twitter_card":"summary_large_image","schema":{"@context":"https:\/\/schema.org","@graph":[{"@type":"WebPage","@id":"https:\/\/www.hotelalbicocco.it\/fr\/chambres.html","url":"https:\/\/www.hotelalbicocco.it\/fr\/chambres.html","name":"Chambres H\u00f4tel Riccione | Albicocco H\u00f4tel Riccione","isPartOf":{"@id":"https:\/\/www.hotelalbicocco.it\/#website"},"primaryImageOfPage":{"@id":"https:\/\/www.hotelalbicocco.it\/fr\/chambres.html#primaryimage"},"image":{"@id":"https:\/\/www.hotelalbicocco.it\/fr\/chambres.html#primaryimage"},"thumbnailUrl":"https:\/\/www.hotelalbicocco.it\/wp\/wp-content\/uploads\/2016\/02\/header_camere2.jpg","datePublished":"2016-02-16T09:17:07+00:00","dateModified":"2023-01-02T07:00:45+00:00","description":"Les chambres Albicocco Hotel, proposent diff\u00e9rentes solutions pour mieux profiter de vos vacances.","breadcrumb":{"@id":"https:\/\/www.hotelalbicocco.it\/fr\/chambres.html#breadcrumb"},"inLanguage":"fr-FR","potentialAction":[{"@type":"ReadAction","target":["https:\/\/www.hotelalbicocco.it\/fr\/chambres.html"]}]},{"@type":"ImageObject","inLanguage":"fr-FR","@id":"https:\/\/www.hotelalbicocco.it\/fr\/chambres.html#primaryimage","url":"https:\/\/www.hotelalbicocco.it\/wp\/wp-content\/uploads\/2016\/02\/header_camere2.jpg","contentUrl":"https:\/\/www.hotelalbicocco.it\/wp\/wp-content\/uploads\/2016\/02\/header_camere2.jpg","width":1280,"height":642,"caption":"hotel Albicocco 0155"},{"@type":"BreadcrumbList","@id":"https:\/\/www.hotelalbicocco.it\/fr\/chambres.html#breadcrumb","itemListElement":[{"@type":"ListItem","position":1,"name":"Home","item":"https:\/\/www.hotelalbicocco.it\/fr"},{"@type":"ListItem","position":2,"name":"Chambres, oasis de paix pour votre relax"}]},{"@type":"WebSite","@id":"https:\/\/www.hotelalbicocco.it\/#website","url":"https:\/\/www.hotelalbicocco.it\/","name":"hotel Albicocco","description":"","potentialAction":[{"@type":"SearchAction","target":{"@type":"EntryPoint","urlTemplate":"https:\/\/www.hotelalbicocco.it\/?s={search_term_string}"},"query-input":{"@type":"PropertyValueSpecification","valueRequired":true,"valueName":"search_term_string"}}],"inLanguage":"fr-FR"}]}},"publishpress_future_action":{"enabled":false,"date":"2026-05-16 16:26:29","action":"change-status","newStatus":"draft","terms":[],"taxonomy":"translation_priority","extraData":[]},"publishpress_future_workflow_manual_trigger":{"enabledWorkflows":[]},"_links":{"self":[{"href":"https:\/\/www.hotelalbicocco.it\/fr\/wp-json\/wp\/v2\/pages\/865","targetHints":{"allow":["GET"]}}],"collection":[{"href":"https:\/\/www.hotelalbicocco.it\/fr\/wp-json\/wp\/v2\/pages"}],"about":[{"href":"https:\/\/www.hotelalbicocco.it\/fr\/wp-json\/wp\/v2\/types\/page"}],"author":[{"embeddable":true,"href":"https:\/\/www.hotelalbicocco.it\/fr\/wp-json\/wp\/v2\/users\/32"}],"replies":[{"embeddable":true,"href":"https:\/\/www.hotelalbicocco.it\/fr\/wp-json\/wp\/v2\/comments?post=865"}],"version-history":[{"count":11,"href":"https:\/\/www.hotelalbicocco.it\/fr\/wp-json\/wp\/v2\/pages\/865\/revisions"}],"predecessor-version":[{"id":10178,"href":"https:\/\/www.hotelalbicocco.it\/fr\/wp-json\/wp\/v2\/pages\/865\/revisions\/10178"}],"wp:featuredmedia":[{"embeddable":true,"href":"https:\/\/www.hotelalbicocco.it\/fr\/wp-json\/wp\/v2\/media\/507"}],"wp:attachment":[{"href":"https:\/\/www.hotelalbicocco.it\/fr\/wp-json\/wp\/v2\/media?parent=865"}],"curies":[{"name":"wp","href":"https:\/\/api.w.org\/{rel}","templated":true}]}}