{"id":854,"date":"2016-02-16T10:22:51","date_gmt":"2016-02-16T09:22:51","guid":{"rendered":"https:\/\/www.hotelalbicocco.it\/wp\/fr\/piscine-benessere.html"},"modified":"2023-01-02T08:02:59","modified_gmt":"2023-01-02T07:02:59","slug":"piscines","status":"publish","type":"page","link":"https:\/\/www.hotelalbicocco.it\/fr\/piscines.html","title":{"rendered":"Les piscines de l&rsquo;Albicocco"},"content":{"rendered":"","protected":false},"excerpt":{"rendered":"","protected":false},"author":32,"featured_media":444,"parent":0,"menu_order":17,"comment_status":"closed","ping_status":"closed","template":"","meta":{"_acf_changed":false,"footnotes":""},"class_list":["post-854","page","type-page","status-publish","has-post-thumbnail","hentry"],"acf":[],"yoast_head":"<!-- This site is optimized with the Yoast SEO plugin v27.0 - https:\/\/yoast.com\/product\/yoast-seo-wordpress\/ -->\n<title>Piscine h\u00f4tels Riccione | Albicocco Hotel Riccione<\/title>\n<meta name=\"description\" content=\"La piscine Albicocco H\u00f4tel est un paradis du bien-\u00eatre. Les piscines sont toujours expos\u00e9s au soleil, l&#039;eau est chaude et accueillante.\" \/>\n<meta name=\"robots\" content=\"index, follow, max-snippet:-1, max-image-preview:large, max-video-preview:-1\" \/>\n<link rel=\"canonical\" href=\"https:\/\/www.hotelalbicocco.it\/fr\/piscines.html\" \/>\n<meta property=\"og:locale\" content=\"fr_FR\" \/>\n<meta property=\"og:type\" content=\"article\" \/>\n<meta property=\"og:title\" content=\"Piscine h\u00f4tels Riccione | Albicocco Hotel Riccione\" \/>\n<meta property=\"og:description\" content=\"La piscine Albicocco H\u00f4tel est un paradis du bien-\u00eatre. Les piscines sont toujours expos\u00e9s au soleil, l&#039;eau est chaude et accueillante.\" \/>\n<meta property=\"og:url\" content=\"https:\/\/www.hotelalbicocco.it\/fr\/piscines.html\" \/>\n<meta property=\"og:site_name\" content=\"hotel Albicocco\" \/>\n<meta property=\"article:modified_time\" content=\"2023-01-02T07:02:59+00:00\" \/>\n<meta property=\"og:image\" content=\"https:\/\/www.hotelalbicocco.it\/wp\/wp-content\/uploads\/2016\/02\/slide_01.jpg\" \/>\n\t<meta property=\"og:image:width\" content=\"940\" \/>\n\t<meta property=\"og:image:height\" content=\"450\" \/>\n\t<meta property=\"og:image:type\" content=\"image\/jpeg\" \/>\n<meta name=\"twitter:card\" content=\"summary_large_image\" \/>\n<script type=\"application\/ld+json\" class=\"yoast-schema-graph\">{\"@context\":\"https:\/\/schema.org\",\"@graph\":[{\"@type\":\"WebPage\",\"@id\":\"https:\/\/www.hotelalbicocco.it\/fr\/piscines.html\",\"url\":\"https:\/\/www.hotelalbicocco.it\/fr\/piscines.html\",\"name\":\"Piscine h\u00f4tels Riccione | Albicocco Hotel Riccione\",\"isPartOf\":{\"@id\":\"https:\/\/www.hotelalbicocco.it\/#website\"},\"primaryImageOfPage\":{\"@id\":\"https:\/\/www.hotelalbicocco.it\/fr\/piscines.html#primaryimage\"},\"image\":{\"@id\":\"https:\/\/www.hotelalbicocco.it\/fr\/piscines.html#primaryimage\"},\"thumbnailUrl\":\"https:\/\/www.hotelalbicocco.it\/wp\/wp-content\/uploads\/2016\/02\/slide_01.jpg\",\"datePublished\":\"2016-02-16T09:22:51+00:00\",\"dateModified\":\"2023-01-02T07:02:59+00:00\",\"description\":\"La piscine Albicocco H\u00f4tel est un paradis du bien-\u00eatre. Les piscines sont toujours expos\u00e9s au soleil, l'eau est chaude et accueillante.\",\"breadcrumb\":{\"@id\":\"https:\/\/www.hotelalbicocco.it\/fr\/piscines.html#breadcrumb\"},\"inLanguage\":\"fr-FR\",\"potentialAction\":[{\"@type\":\"ReadAction\",\"target\":[\"https:\/\/www.hotelalbicocco.it\/fr\/piscines.html\"]}]},{\"@type\":\"ImageObject\",\"inLanguage\":\"fr-FR\",\"@id\":\"https:\/\/www.hotelalbicocco.it\/fr\/piscines.html#primaryimage\",\"url\":\"https:\/\/www.hotelalbicocco.it\/wp\/wp-content\/uploads\/2016\/02\/slide_01.jpg\",\"contentUrl\":\"https:\/\/www.hotelalbicocco.it\/wp\/wp-content\/uploads\/2016\/02\/slide_01.jpg\",\"width\":940,\"height\":450},{\"@type\":\"BreadcrumbList\",\"@id\":\"https:\/\/www.hotelalbicocco.it\/fr\/piscines.html#breadcrumb\",\"itemListElement\":[{\"@type\":\"ListItem\",\"position\":1,\"name\":\"Home\",\"item\":\"https:\/\/www.hotelalbicocco.it\/fr\"},{\"@type\":\"ListItem\",\"position\":2,\"name\":\"Les piscines de l&rsquo;Albicocco\"}]},{\"@type\":\"WebSite\",\"@id\":\"https:\/\/www.hotelalbicocco.it\/#website\",\"url\":\"https:\/\/www.hotelalbicocco.it\/\",\"name\":\"hotel Albicocco\",\"description\":\"\",\"potentialAction\":[{\"@type\":\"SearchAction\",\"target\":{\"@type\":\"EntryPoint\",\"urlTemplate\":\"https:\/\/www.hotelalbicocco.it\/?s={search_term_string}\"},\"query-input\":{\"@type\":\"PropertyValueSpecification\",\"valueRequired\":true,\"valueName\":\"search_term_string\"}}],\"inLanguage\":\"fr-FR\"}]}<\/script>\n<!-- \/ Yoast SEO plugin. -->","yoast_head_json":{"title":"Piscine h\u00f4tels Riccione | Albicocco Hotel Riccione","description":"La piscine Albicocco H\u00f4tel est un paradis du bien-\u00eatre. Les piscines sont toujours expos\u00e9s au soleil, l'eau est chaude et accueillante.","robots":{"index":"index","follow":"follow","max-snippet":"max-snippet:-1","max-image-preview":"max-image-preview:large","max-video-preview":"max-video-preview:-1"},"canonical":"https:\/\/www.hotelalbicocco.it\/fr\/piscines.html","og_locale":"fr_FR","og_type":"article","og_title":"Piscine h\u00f4tels Riccione | Albicocco Hotel Riccione","og_description":"La piscine Albicocco H\u00f4tel est un paradis du bien-\u00eatre. Les piscines sont toujours expos\u00e9s au soleil, l'eau est chaude et accueillante.","og_url":"https:\/\/www.hotelalbicocco.it\/fr\/piscines.html","og_site_name":"hotel Albicocco","article_modified_time":"2023-01-02T07:02:59+00:00","og_image":[{"width":940,"height":450,"url":"https:\/\/www.hotelalbicocco.it\/wp\/wp-content\/uploads\/2016\/02\/slide_01.jpg","type":"image\/jpeg"}],"twitter_card":"summary_large_image","schema":{"@context":"https:\/\/schema.org","@graph":[{"@type":"WebPage","@id":"https:\/\/www.hotelalbicocco.it\/fr\/piscines.html","url":"https:\/\/www.hotelalbicocco.it\/fr\/piscines.html","name":"Piscine h\u00f4tels Riccione | Albicocco Hotel Riccione","isPartOf":{"@id":"https:\/\/www.hotelalbicocco.it\/#website"},"primaryImageOfPage":{"@id":"https:\/\/www.hotelalbicocco.it\/fr\/piscines.html#primaryimage"},"image":{"@id":"https:\/\/www.hotelalbicocco.it\/fr\/piscines.html#primaryimage"},"thumbnailUrl":"https:\/\/www.hotelalbicocco.it\/wp\/wp-content\/uploads\/2016\/02\/slide_01.jpg","datePublished":"2016-02-16T09:22:51+00:00","dateModified":"2023-01-02T07:02:59+00:00","description":"La piscine Albicocco H\u00f4tel est un paradis du bien-\u00eatre. Les piscines sont toujours expos\u00e9s au soleil, l'eau est chaude et accueillante.","breadcrumb":{"@id":"https:\/\/www.hotelalbicocco.it\/fr\/piscines.html#breadcrumb"},"inLanguage":"fr-FR","potentialAction":[{"@type":"ReadAction","target":["https:\/\/www.hotelalbicocco.it\/fr\/piscines.html"]}]},{"@type":"ImageObject","inLanguage":"fr-FR","@id":"https:\/\/www.hotelalbicocco.it\/fr\/piscines.html#primaryimage","url":"https:\/\/www.hotelalbicocco.it\/wp\/wp-content\/uploads\/2016\/02\/slide_01.jpg","contentUrl":"https:\/\/www.hotelalbicocco.it\/wp\/wp-content\/uploads\/2016\/02\/slide_01.jpg","width":940,"height":450},{"@type":"BreadcrumbList","@id":"https:\/\/www.hotelalbicocco.it\/fr\/piscines.html#breadcrumb","itemListElement":[{"@type":"ListItem","position":1,"name":"Home","item":"https:\/\/www.hotelalbicocco.it\/fr"},{"@type":"ListItem","position":2,"name":"Les piscines de l&rsquo;Albicocco"}]},{"@type":"WebSite","@id":"https:\/\/www.hotelalbicocco.it\/#website","url":"https:\/\/www.hotelalbicocco.it\/","name":"hotel Albicocco","description":"","potentialAction":[{"@type":"SearchAction","target":{"@type":"EntryPoint","urlTemplate":"https:\/\/www.hotelalbicocco.it\/?s={search_term_string}"},"query-input":{"@type":"PropertyValueSpecification","valueRequired":true,"valueName":"search_term_string"}}],"inLanguage":"fr-FR"}]}},"publishpress_future_action":{"enabled":false,"date":"2026-05-01 20:02:55","action":"change-status","newStatus":"draft","terms":[],"taxonomy":"translation_priority","extraData":[]},"publishpress_future_workflow_manual_trigger":{"enabledWorkflows":[]},"_links":{"self":[{"href":"https:\/\/www.hotelalbicocco.it\/fr\/wp-json\/wp\/v2\/pages\/854","targetHints":{"allow":["GET"]}}],"collection":[{"href":"https:\/\/www.hotelalbicocco.it\/fr\/wp-json\/wp\/v2\/pages"}],"about":[{"href":"https:\/\/www.hotelalbicocco.it\/fr\/wp-json\/wp\/v2\/types\/page"}],"author":[{"embeddable":true,"href":"https:\/\/www.hotelalbicocco.it\/fr\/wp-json\/wp\/v2\/users\/32"}],"replies":[{"embeddable":true,"href":"https:\/\/www.hotelalbicocco.it\/fr\/wp-json\/wp\/v2\/comments?post=854"}],"version-history":[{"count":6,"href":"https:\/\/www.hotelalbicocco.it\/fr\/wp-json\/wp\/v2\/pages\/854\/revisions"}],"predecessor-version":[{"id":10184,"href":"https:\/\/www.hotelalbicocco.it\/fr\/wp-json\/wp\/v2\/pages\/854\/revisions\/10184"}],"wp:featuredmedia":[{"embeddable":true,"href":"https:\/\/www.hotelalbicocco.it\/fr\/wp-json\/wp\/v2\/media\/444"}],"wp:attachment":[{"href":"https:\/\/www.hotelalbicocco.it\/fr\/wp-json\/wp\/v2\/media?parent=854"}],"curies":[{"name":"wp","href":"https:\/\/api.w.org\/{rel}","templated":true}]}}