{"id":2822,"date":"2016-03-17T17:14:47","date_gmt":"2016-03-17T16:14:47","guid":{"rendered":"https:\/\/www.hotelalbicocco.it\/wp\/fr\/servizi-bambini.html"},"modified":"2016-03-18T10:35:33","modified_gmt":"2016-03-18T09:35:33","slug":"services-pour-les-enfants","status":"publish","type":"page","link":"https:\/\/www.hotelalbicocco.it\/fr\/services-pour-les-enfants.html","title":{"rendered":"Services et confort pour les jeunes h\u00f4tes"},"content":{"rendered":"","protected":false},"excerpt":{"rendered":"","protected":false},"author":32,"featured_media":2819,"parent":0,"menu_order":73,"comment_status":"closed","ping_status":"closed","template":"","meta":{"_acf_changed":false,"footnotes":""},"class_list":["post-2822","page","type-page","status-publish","has-post-thumbnail","hentry"],"acf":[],"yoast_head":"<!-- This site is optimized with the Yoast SEO plugin v27.0 - https:\/\/yoast.com\/product\/yoast-seo-wordpress\/ -->\n<title>Services jeunes h\u00f4tes | H\u00f4tel Albicocco Riccione<\/title>\n<meta name=\"description\" content=\"L&#039;h\u00f4tel Albicocco est un h\u00f4tel parfait pour toute la famille\" \/>\n<meta name=\"robots\" content=\"index, follow, max-snippet:-1, max-image-preview:large, max-video-preview:-1\" \/>\n<link rel=\"canonical\" href=\"https:\/\/www.hotelalbicocco.it\/servizi-bambini.html\" \/>\n<meta property=\"og:locale\" content=\"fr_FR\" \/>\n<meta property=\"og:type\" content=\"article\" \/>\n<meta property=\"og:title\" content=\"Services jeunes h\u00f4tes | H\u00f4tel Albicocco Riccione\" \/>\n<meta property=\"og:description\" content=\"L&#039;h\u00f4tel Albicocco est un h\u00f4tel parfait pour toute la famille\" \/>\n<meta property=\"og:url\" content=\"https:\/\/www.hotelalbicocco.it\/servizi-bambini.html\" \/>\n<meta property=\"og:site_name\" content=\"hotel Albicocco\" \/>\n<meta property=\"article:modified_time\" content=\"2016-03-18T09:35:33+00:00\" \/>\n<meta property=\"og:image\" content=\"https:\/\/www.hotelalbicocco.it\/wp\/wp-content\/uploads\/2016\/03\/bimbi_hotel_22.jpg\" \/>\n\t<meta property=\"og:image:width\" content=\"4802\" \/>\n\t<meta property=\"og:image:height\" content=\"3202\" \/>\n\t<meta property=\"og:image:type\" content=\"image\/jpeg\" \/>\n<meta name=\"twitter:card\" content=\"summary_large_image\" \/>\n<script type=\"application\/ld+json\" class=\"yoast-schema-graph\">{\"@context\":\"https:\/\/schema.org\",\"@graph\":[{\"@type\":\"WebPage\",\"@id\":\"https:\/\/www.hotelalbicocco.it\/servizi-bambini.html\",\"url\":\"https:\/\/www.hotelalbicocco.it\/servizi-bambini.html\",\"name\":\"Services jeunes h\u00f4tes | H\u00f4tel Albicocco Riccione\",\"isPartOf\":{\"@id\":\"https:\/\/www.hotelalbicocco.it\/#website\"},\"primaryImageOfPage\":{\"@id\":\"https:\/\/www.hotelalbicocco.it\/servizi-bambini.html#primaryimage\"},\"image\":{\"@id\":\"https:\/\/www.hotelalbicocco.it\/servizi-bambini.html#primaryimage\"},\"thumbnailUrl\":\"https:\/\/www.hotelalbicocco.it\/wp\/wp-content\/uploads\/2016\/03\/bimbi_hotel_22.jpg\",\"datePublished\":\"2016-03-17T16:14:47+00:00\",\"dateModified\":\"2016-03-18T09:35:33+00:00\",\"description\":\"L'h\u00f4tel Albicocco est un h\u00f4tel parfait pour toute la famille\",\"breadcrumb\":{\"@id\":\"https:\/\/www.hotelalbicocco.it\/servizi-bambini.html#breadcrumb\"},\"inLanguage\":\"fr-FR\",\"potentialAction\":[{\"@type\":\"ReadAction\",\"target\":[\"https:\/\/www.hotelalbicocco.it\/servizi-bambini.html\"]}]},{\"@type\":\"ImageObject\",\"inLanguage\":\"fr-FR\",\"@id\":\"https:\/\/www.hotelalbicocco.it\/servizi-bambini.html#primaryimage\",\"url\":\"https:\/\/www.hotelalbicocco.it\/wp\/wp-content\/uploads\/2016\/03\/bimbi_hotel_22.jpg\",\"contentUrl\":\"https:\/\/www.hotelalbicocco.it\/wp\/wp-content\/uploads\/2016\/03\/bimbi_hotel_22.jpg\",\"width\":4802,\"height\":3202},{\"@type\":\"BreadcrumbList\",\"@id\":\"https:\/\/www.hotelalbicocco.it\/servizi-bambini.html#breadcrumb\",\"itemListElement\":[{\"@type\":\"ListItem\",\"position\":1,\"name\":\"Home\",\"item\":\"https:\/\/www.hotelalbicocco.it\/fr\"},{\"@type\":\"ListItem\",\"position\":2,\"name\":\"Services et confort pour les jeunes h\u00f4tes\"}]},{\"@type\":\"WebSite\",\"@id\":\"https:\/\/www.hotelalbicocco.it\/#website\",\"url\":\"https:\/\/www.hotelalbicocco.it\/\",\"name\":\"hotel Albicocco\",\"description\":\"\",\"potentialAction\":[{\"@type\":\"SearchAction\",\"target\":{\"@type\":\"EntryPoint\",\"urlTemplate\":\"https:\/\/www.hotelalbicocco.it\/?s={search_term_string}\"},\"query-input\":{\"@type\":\"PropertyValueSpecification\",\"valueRequired\":true,\"valueName\":\"search_term_string\"}}],\"inLanguage\":\"fr-FR\"}]}<\/script>\n<!-- \/ Yoast SEO plugin. -->","yoast_head_json":{"title":"Services jeunes h\u00f4tes | H\u00f4tel Albicocco Riccione","description":"L'h\u00f4tel Albicocco est un h\u00f4tel parfait pour toute la famille","robots":{"index":"index","follow":"follow","max-snippet":"max-snippet:-1","max-image-preview":"max-image-preview:large","max-video-preview":"max-video-preview:-1"},"canonical":"https:\/\/www.hotelalbicocco.it\/servizi-bambini.html","og_locale":"fr_FR","og_type":"article","og_title":"Services jeunes h\u00f4tes | H\u00f4tel Albicocco Riccione","og_description":"L'h\u00f4tel Albicocco est un h\u00f4tel parfait pour toute la famille","og_url":"https:\/\/www.hotelalbicocco.it\/servizi-bambini.html","og_site_name":"hotel Albicocco","article_modified_time":"2016-03-18T09:35:33+00:00","og_image":[{"width":4802,"height":3202,"url":"https:\/\/www.hotelalbicocco.it\/wp\/wp-content\/uploads\/2016\/03\/bimbi_hotel_22.jpg","type":"image\/jpeg"}],"twitter_card":"summary_large_image","schema":{"@context":"https:\/\/schema.org","@graph":[{"@type":"WebPage","@id":"https:\/\/www.hotelalbicocco.it\/servizi-bambini.html","url":"https:\/\/www.hotelalbicocco.it\/servizi-bambini.html","name":"Services jeunes h\u00f4tes | H\u00f4tel Albicocco Riccione","isPartOf":{"@id":"https:\/\/www.hotelalbicocco.it\/#website"},"primaryImageOfPage":{"@id":"https:\/\/www.hotelalbicocco.it\/servizi-bambini.html#primaryimage"},"image":{"@id":"https:\/\/www.hotelalbicocco.it\/servizi-bambini.html#primaryimage"},"thumbnailUrl":"https:\/\/www.hotelalbicocco.it\/wp\/wp-content\/uploads\/2016\/03\/bimbi_hotel_22.jpg","datePublished":"2016-03-17T16:14:47+00:00","dateModified":"2016-03-18T09:35:33+00:00","description":"L'h\u00f4tel Albicocco est un h\u00f4tel parfait pour toute la famille","breadcrumb":{"@id":"https:\/\/www.hotelalbicocco.it\/servizi-bambini.html#breadcrumb"},"inLanguage":"fr-FR","potentialAction":[{"@type":"ReadAction","target":["https:\/\/www.hotelalbicocco.it\/servizi-bambini.html"]}]},{"@type":"ImageObject","inLanguage":"fr-FR","@id":"https:\/\/www.hotelalbicocco.it\/servizi-bambini.html#primaryimage","url":"https:\/\/www.hotelalbicocco.it\/wp\/wp-content\/uploads\/2016\/03\/bimbi_hotel_22.jpg","contentUrl":"https:\/\/www.hotelalbicocco.it\/wp\/wp-content\/uploads\/2016\/03\/bimbi_hotel_22.jpg","width":4802,"height":3202},{"@type":"BreadcrumbList","@id":"https:\/\/www.hotelalbicocco.it\/servizi-bambini.html#breadcrumb","itemListElement":[{"@type":"ListItem","position":1,"name":"Home","item":"https:\/\/www.hotelalbicocco.it\/fr"},{"@type":"ListItem","position":2,"name":"Services et confort pour les jeunes h\u00f4tes"}]},{"@type":"WebSite","@id":"https:\/\/www.hotelalbicocco.it\/#website","url":"https:\/\/www.hotelalbicocco.it\/","name":"hotel Albicocco","description":"","potentialAction":[{"@type":"SearchAction","target":{"@type":"EntryPoint","urlTemplate":"https:\/\/www.hotelalbicocco.it\/?s={search_term_string}"},"query-input":{"@type":"PropertyValueSpecification","valueRequired":true,"valueName":"search_term_string"}}],"inLanguage":"fr-FR"}]}},"publishpress_future_action":{"enabled":false,"date":"2026-04-14 06:25:05","action":"change-status","newStatus":"draft","terms":[],"taxonomy":"translation_priority","extraData":[]},"publishpress_future_workflow_manual_trigger":{"enabledWorkflows":[]},"_links":{"self":[{"href":"https:\/\/www.hotelalbicocco.it\/fr\/wp-json\/wp\/v2\/pages\/2822","targetHints":{"allow":["GET"]}}],"collection":[{"href":"https:\/\/www.hotelalbicocco.it\/fr\/wp-json\/wp\/v2\/pages"}],"about":[{"href":"https:\/\/www.hotelalbicocco.it\/fr\/wp-json\/wp\/v2\/types\/page"}],"author":[{"embeddable":true,"href":"https:\/\/www.hotelalbicocco.it\/fr\/wp-json\/wp\/v2\/users\/32"}],"replies":[{"embeddable":true,"href":"https:\/\/www.hotelalbicocco.it\/fr\/wp-json\/wp\/v2\/comments?post=2822"}],"version-history":[{"count":1,"href":"https:\/\/www.hotelalbicocco.it\/fr\/wp-json\/wp\/v2\/pages\/2822\/revisions"}],"predecessor-version":[{"id":2824,"href":"https:\/\/www.hotelalbicocco.it\/fr\/wp-json\/wp\/v2\/pages\/2822\/revisions\/2824"}],"wp:featuredmedia":[{"embeddable":true,"href":"https:\/\/www.hotelalbicocco.it\/fr\/wp-json\/wp\/v2\/media\/2819"}],"wp:attachment":[{"href":"https:\/\/www.hotelalbicocco.it\/fr\/wp-json\/wp\/v2\/media?parent=2822"}],"curies":[{"name":"wp","href":"https:\/\/api.w.org\/{rel}","templated":true}]}}